{"id":6707,"date":"2024-07-19T19:31:50","date_gmt":"2024-07-19T17:31:50","guid":{"rendered":"https:\/\/entando.com\/composable-government\/"},"modified":"2026-03-24T11:59:53","modified_gmt":"2026-03-24T10:59:53","slug":"composable-government","status":"publish","type":"page","link":"https:\/\/entando.com\/it\/risorse\/white-paper\/composable-government\/","title":{"rendered":"Composable Government"},"content":{"rendered":"\t\t<div data-elementor-type=\"wp-page\" data-elementor-id=\"6707\" class=\"elementor elementor-6707 elementor-5484\" data-elementor-post-type=\"page\">\n\t\t\t\t<div class=\"elementor-element elementor-element-a3bbc9d e-flex e-con-boxed e-con e-parent\" data-id=\"a3bbc9d\" data-element_type=\"container\" data-e-type=\"container\">\n\t\t\t\t\t<div class=\"e-con-inner\">\n\t\t<div class=\"elementor-element elementor-element-6243314 e-con-full e-flex e-con e-child\" data-id=\"6243314\" data-element_type=\"container\" data-e-type=\"container\">\n\t\t\t\t<div class=\"elementor-element elementor-element-af61aed elementor-align-left elementor-widget elementor-widget-breadcrumbs\" data-id=\"af61aed\" data-element_type=\"widget\" data-e-type=\"widget\" data-widget_type=\"breadcrumbs.default\">\n\t\t\t\t<div class=\"elementor-widget-container\">\n\t\t\t\t\t<p id=\"breadcrumbs\"><span><span><a href=\"https:\/\/entando.com\/it\/\">Entando<\/a><\/span><\/span><\/p>\t\t\t\t<\/div>\n\t\t\t\t<\/div>\n\t\t\t\t<\/div>\n\t\t\t\t\t<\/div>\n\t\t\t\t<\/div>\n\t\t<div class=\"elementor-element elementor-element-5061b4b e-flex e-con-boxed e-con e-parent\" data-id=\"5061b4b\" data-element_type=\"container\" data-e-type=\"container\">\n\t\t\t\t\t<div class=\"e-con-inner\">\n\t\t<div class=\"elementor-element elementor-element-765cb27 e-con-full e-flex e-con e-child\" data-id=\"765cb27\" data-element_type=\"container\" data-e-type=\"container\">\n\t\t\t\t<div class=\"elementor-element elementor-element-1d99f63 elementor-widget elementor-widget-heading\" data-id=\"1d99f63\" data-element_type=\"widget\" data-e-type=\"widget\" data-widget_type=\"heading.default\">\n\t\t\t\t<div class=\"elementor-widget-container\">\n\t\t\t\t\t<h4 class=\"elementor-heading-title elementor-size-default\">White Paper<\/h4>\t\t\t\t<\/div>\n\t\t\t\t<\/div>\n\t\t\t\t<div class=\"elementor-element elementor-element-31e58a2 elementor-widget elementor-widget-heading\" data-id=\"31e58a2\" data-element_type=\"widget\" data-e-type=\"widget\" data-widget_type=\"heading.default\">\n\t\t\t\t<div class=\"elementor-widget-container\">\n\t\t\t\t\t<h1 class=\"elementor-heading-title elementor-size-default\">Composable Government<\/h1>\t\t\t\t<\/div>\n\t\t\t\t<\/div>\n\t\t\t\t<\/div>\n\t\t<div class=\"elementor-element elementor-element-eeb9298 e-con-full e-flex e-con e-child\" data-id=\"eeb9298\" data-element_type=\"container\" data-e-type=\"container\">\n\t\t\t\t<div class=\"elementor-element elementor-element-08b79c5 elementor-widget elementor-widget-image\" data-id=\"08b79c5\" data-element_type=\"widget\" data-e-type=\"widget\" data-widget_type=\"image.default\">\n\t\t\t\t<div class=\"elementor-widget-container\">\n\t\t\t\t\t\t\t\t\t\t\t\t\t\t\t<img loading=\"lazy\" decoding=\"async\" data-attachment-id=\"10075\" data-permalink=\"https:\/\/entando.com\/it\/risorse\/white-paper\/composable-government\/attachment\/entando-composable-government-white-paper-2\/\" data-orig-file=\"https:\/\/i0.wp.com\/entando.com\/wp-content\/uploads\/2025\/04\/Entando-Composable-Government-white-paper.webp?fit=2150%2C2676&amp;ssl=1\" data-orig-size=\"2150,2676\" data-comments-opened=\"1\" data-image-meta=\"{&quot;aperture&quot;:&quot;0&quot;,&quot;credit&quot;:&quot;&quot;,&quot;camera&quot;:&quot;&quot;,&quot;caption&quot;:&quot;&quot;,&quot;created_timestamp&quot;:&quot;0&quot;,&quot;copyright&quot;:&quot;&quot;,&quot;focal_length&quot;:&quot;0&quot;,&quot;iso&quot;:&quot;0&quot;,&quot;shutter_speed&quot;:&quot;0&quot;,&quot;title&quot;:&quot;&quot;,&quot;orientation&quot;:&quot;0&quot;}\" data-image-title=\"Entando Composable Government-white paper\" data-image-description=\"&lt;p&gt;Entando Composable Government-white paper&lt;\/p&gt;\n\" data-image-caption=\"&lt;p&gt;Entando Composable Government-white paper&lt;\/p&gt;\n\" data-large-file=\"https:\/\/i0.wp.com\/entando.com\/wp-content\/uploads\/2025\/04\/Entando-Composable-Government-white-paper.webp?fit=800%2C995&amp;ssl=1\" width=\"2150\" height=\"2676\" src=\"https:\/\/i0.wp.com\/entando.com\/wp-content\/uploads\/2025\/04\/Entando-Composable-Government-white-paper.webp?fit=2150%2C2676&amp;ssl=1\" class=\"attachment-full size-full wp-image-10075\" alt=\"Entando Composable Government-white paper\" srcset=\"https:\/\/i0.wp.com\/entando.com\/wp-content\/uploads\/2025\/04\/Entando-Composable-Government-white-paper.webp?w=2150&amp;ssl=1 2150w, https:\/\/i0.wp.com\/entando.com\/wp-content\/uploads\/2025\/04\/Entando-Composable-Government-white-paper.webp?resize=241%2C300&amp;ssl=1 241w, https:\/\/i0.wp.com\/entando.com\/wp-content\/uploads\/2025\/04\/Entando-Composable-Government-white-paper.webp?resize=823%2C1024&amp;ssl=1 823w, https:\/\/i0.wp.com\/entando.com\/wp-content\/uploads\/2025\/04\/Entando-Composable-Government-white-paper.webp?resize=768%2C956&amp;ssl=1 768w, https:\/\/i0.wp.com\/entando.com\/wp-content\/uploads\/2025\/04\/Entando-Composable-Government-white-paper.webp?resize=1234%2C1536&amp;ssl=1 1234w, https:\/\/i0.wp.com\/entando.com\/wp-content\/uploads\/2025\/04\/Entando-Composable-Government-white-paper.webp?resize=1645%2C2048&amp;ssl=1 1645w\" sizes=\"auto, (max-width: 800px) 100vw, 800px\" data-attachment-id=\"10075\" data-permalink=\"https:\/\/entando.com\/it\/risorse\/white-paper\/composable-government\/attachment\/entando-composable-government-white-paper-2\/\" data-orig-file=\"https:\/\/i0.wp.com\/entando.com\/wp-content\/uploads\/2025\/04\/Entando-Composable-Government-white-paper.webp?fit=2150%2C2676&amp;ssl=1\" data-orig-size=\"2150,2676\" data-comments-opened=\"1\" data-image-meta=\"{&quot;aperture&quot;:&quot;0&quot;,&quot;credit&quot;:&quot;&quot;,&quot;camera&quot;:&quot;&quot;,&quot;caption&quot;:&quot;&quot;,&quot;created_timestamp&quot;:&quot;0&quot;,&quot;copyright&quot;:&quot;&quot;,&quot;focal_length&quot;:&quot;0&quot;,&quot;iso&quot;:&quot;0&quot;,&quot;shutter_speed&quot;:&quot;0&quot;,&quot;title&quot;:&quot;&quot;,&quot;orientation&quot;:&quot;0&quot;}\" data-image-title=\"Entando Composable Government-white paper\" data-image-description=\"&lt;p&gt;Entando Composable Government-white paper&lt;\/p&gt;\n\" data-image-caption=\"&lt;p&gt;Entando Composable Government-white paper&lt;\/p&gt;\n\" data-large-file=\"https:\/\/i0.wp.com\/entando.com\/wp-content\/uploads\/2025\/04\/Entando-Composable-Government-white-paper.webp?fit=800%2C995&amp;ssl=1\" \/>\t\t\t\t\t\t\t\t\t\t\t\t\t\t\t<\/div>\n\t\t\t\t<\/div>\n\t\t\t\t<\/div>\n\t\t\t\t\t<\/div>\n\t\t\t\t<\/div>\n\t\t<div class=\"elementor-element elementor-element-388f3ae e-flex e-con-boxed e-con e-parent\" data-id=\"388f3ae\" data-element_type=\"container\" data-e-type=\"container\">\n\t\t\t\t\t<div class=\"e-con-inner\">\n\t\t<div class=\"elementor-element elementor-element-4077db8 e-con-full e-flex e-con e-child\" data-id=\"4077db8\" data-element_type=\"container\" data-e-type=\"container\" data-settings=\"{&quot;background_background&quot;:&quot;classic&quot;}\">\n\t\t<div class=\"elementor-element elementor-element-3a66092 e-con-full e-flex e-con e-child\" data-id=\"3a66092\" data-element_type=\"container\" data-e-type=\"container\">\n\t\t\t\t<div class=\"elementor-element elementor-element-6adc58e elementor-widget elementor-widget-text-editor\" data-id=\"6adc58e\" data-element_type=\"widget\" data-e-type=\"widget\" data-widget_type=\"text-editor.default\">\n\t\t\t\t<div class=\"elementor-widget-container\">\n\t\t\t\t\t\t\t\t\t<p><span style=\"font-weight: 400;\">L&#8217;adozione delle tecnologie digitali non \u00e8 pi\u00f9 un&#8217;opzione, ma una necessit\u00e0 dettata dalle crescenti aspettative dei cittadini per servizi pi\u00f9 rapidi, accessibili e personalizzati.<\/span> <b>Le architetture componibili emergono come una soluzione essenziale per le amministrazioni pubbliche,<\/b> <span style=\"font-weight: 400;\">permettendo una gestione pi\u00f9 agile e flessibile delle risorse tecnologiche.<\/span><\/p>\n\t\t\t\t\t\t\t\t<\/div>\n\t\t\t\t<\/div>\n\t\t\t\t<\/div>\n\t\t\t\t<\/div>\n\t\t\t\t\t<\/div>\n\t\t\t\t<\/div>\n\t\t<div class=\"elementor-element elementor-element-ec526bb e-flex e-con-boxed e-con e-parent\" data-id=\"ec526bb\" data-element_type=\"container\" data-e-type=\"container\">\n\t\t\t\t\t<div class=\"e-con-inner\">\n\t\t<div class=\"elementor-element elementor-element-7e0d03d e-con-full e-flex e-con e-child\" data-id=\"7e0d03d\" data-element_type=\"container\" data-e-type=\"container\" data-settings=\"{&quot;background_background&quot;:&quot;classic&quot;}\">\n\t\t<div class=\"elementor-element elementor-element-617ef5e e-con-full e-flex e-con e-child\" data-id=\"617ef5e\" data-element_type=\"container\" data-e-type=\"container\">\n\t\t\t\t<div class=\"elementor-element elementor-element-20c85f4 elementor-widget elementor-widget-html\" data-id=\"20c85f4\" data-element_type=\"widget\" data-e-type=\"widget\" data-widget_type=\"html.default\">\n\t\t\t\t<div class=\"elementor-widget-container\">\n\t\t\t\t\t<iframe loading=\"lazy\" src=\"https:\/\/docs.google.com\/forms\/d\/e\/1FAIpQLSdlnacAkIfaRt1ZtGywUrM8jtkdlhK15-Nhl0lb45Yie3sjUg\/viewform?embedded=true\" width=\"640\" height=\"1428\" frameborder=\"0\" marginheight=\"0\" marginwidth=\"0\">Loading\u2026<\/iframe>\t\t\t\t<\/div>\n\t\t\t\t<\/div>\n\t\t\t\t<\/div>\n\t\t\t\t<\/div>\n\t\t\t\t\t<\/div>\n\t\t\t\t<\/div>\n\t\t\t\t<\/div>\n\t\t","protected":false},"excerpt":{"rendered":"<p>Composable Government<\/p>\n","protected":false},"author":249555082,"featured_media":10075,"parent":6948,"menu_order":0,"comment_status":"closed","ping_status":"closed","template":"","meta":{"_acf_changed":false,"content-type":"","footnotes":""},"class_list":["post-6707","page","type-page","status-publish","has-post-thumbnail","hentry"],"acf":[],"yoast_head":"<!-- This site is optimized with the Yoast SEO plugin v27.5 - https:\/\/yoast.com\/product\/yoast-seo-wordpress\/ -->\n<title>White Paper: Composable Government| Entando<\/title>\n<meta name=\"description\" content=\"Leggi il nostro Composable Government white paper e scopri come le composable architecture rappresentano una soluzione essenziale per la PA.\" \/>\n<meta name=\"robots\" content=\"index, follow, max-snippet:-1, max-image-preview:large, max-video-preview:-1\" \/>\n<link rel=\"canonical\" href=\"https:\/\/entando.com\/it\/risorse\/white-paper\/composable-government\/\" \/>\n<meta property=\"og:locale\" content=\"it_IT\" \/>\n<meta property=\"og:type\" content=\"article\" \/>\n<meta property=\"og:title\" content=\"White Paper: Composable Government| Entando\" \/>\n<meta property=\"og:description\" content=\"Leggi il nostro Composable Government white paper e scopri come le composable architecture rappresentano una soluzione essenziale per la PA.\" \/>\n<meta property=\"og:url\" content=\"https:\/\/entando.com\/it\/risorse\/white-paper\/composable-government\/\" \/>\n<meta property=\"og:site_name\" content=\"Entando\" \/>\n<meta property=\"article:modified_time\" content=\"2026-03-24T10:59:53+00:00\" \/>\n<meta property=\"og:image\" content=\"https:\/\/entando.com\/wp-content\/uploads\/2025\/04\/Entando-Composable-Government-white-paper.webp\" \/>\n\t<meta property=\"og:image:width\" content=\"2150\" \/>\n\t<meta property=\"og:image:height\" content=\"2676\" \/>\n\t<meta property=\"og:image:type\" content=\"image\/webp\" \/>\n<meta name=\"twitter:card\" content=\"summary_large_image\" \/>\n<script type=\"application\/ld+json\" class=\"yoast-schema-graph\">{\"@context\":\"https:\\\/\\\/schema.org\",\"@graph\":[{\"@type\":\"WebPage\",\"@id\":\"https:\\\/\\\/entando.com\\\/it\\\/risorse\\\/white-paper\\\/composable-government\\\/\",\"url\":\"https:\\\/\\\/entando.com\\\/it\\\/risorse\\\/white-paper\\\/composable-government\\\/\",\"name\":\"White Paper: Composable Government| Entando\",\"isPartOf\":{\"@id\":\"https:\\\/\\\/entando.com\\\/it\\\/#website\"},\"primaryImageOfPage\":{\"@id\":\"https:\\\/\\\/entando.com\\\/it\\\/risorse\\\/white-paper\\\/composable-government\\\/#primaryimage\"},\"image\":{\"@id\":\"https:\\\/\\\/entando.com\\\/it\\\/risorse\\\/white-paper\\\/composable-government\\\/#primaryimage\"},\"thumbnailUrl\":\"https:\\\/\\\/i0.wp.com\\\/entando.com\\\/wp-content\\\/uploads\\\/2025\\\/04\\\/Entando-Composable-Government-white-paper.webp?fit=2150%2C2676&ssl=1\",\"datePublished\":\"2024-07-19T17:31:50+00:00\",\"dateModified\":\"2026-03-24T10:59:53+00:00\",\"description\":\"Leggi il nostro Composable Government white paper e scopri come le composable architecture rappresentano una soluzione essenziale per la PA.\",\"breadcrumb\":{\"@id\":\"https:\\\/\\\/entando.com\\\/it\\\/risorse\\\/white-paper\\\/composable-government\\\/#breadcrumb\"},\"inLanguage\":\"it-IT\",\"potentialAction\":[{\"@type\":\"ReadAction\",\"target\":[\"https:\\\/\\\/entando.com\\\/it\\\/risorse\\\/white-paper\\\/composable-government\\\/\"]}]},{\"@type\":\"ImageObject\",\"inLanguage\":\"it-IT\",\"@id\":\"https:\\\/\\\/entando.com\\\/it\\\/risorse\\\/white-paper\\\/composable-government\\\/#primaryimage\",\"url\":\"https:\\\/\\\/i0.wp.com\\\/entando.com\\\/wp-content\\\/uploads\\\/2025\\\/04\\\/Entando-Composable-Government-white-paper.webp?fit=2150%2C2676&ssl=1\",\"contentUrl\":\"https:\\\/\\\/i0.wp.com\\\/entando.com\\\/wp-content\\\/uploads\\\/2025\\\/04\\\/Entando-Composable-Government-white-paper.webp?fit=2150%2C2676&ssl=1\",\"width\":2150,\"height\":2676,\"caption\":\"Entando Composable Government-white paper\"},{\"@type\":\"BreadcrumbList\",\"@id\":\"https:\\\/\\\/entando.com\\\/it\\\/risorse\\\/white-paper\\\/composable-government\\\/#breadcrumb\",\"itemListElement\":[{\"@type\":\"ListItem\",\"position\":1,\"name\":\"Entando\",\"item\":\"https:\\\/\\\/entando.com\\\/it\\\/\"},{\"@type\":\"ListItem\",\"position\":2,\"name\":\"Resources\",\"item\":\"https:\\\/\\\/entando.com\\\/it\\\/risorse\\\/\"},{\"@type\":\"ListItem\",\"position\":3,\"name\":\"White Paper\",\"item\":\"https:\\\/\\\/entando.com\\\/it\\\/risorse\\\/white-paper\\\/\"},{\"@type\":\"ListItem\",\"position\":4,\"name\":\"Composable Government\"}]},{\"@type\":\"WebSite\",\"@id\":\"https:\\\/\\\/entando.com\\\/it\\\/#website\",\"url\":\"https:\\\/\\\/entando.com\\\/it\\\/\",\"name\":\"Entando\",\"description\":\"The Composable Way\",\"publisher\":{\"@id\":\"https:\\\/\\\/entando.com\\\/it\\\/#organization\"},\"potentialAction\":[{\"@type\":\"SearchAction\",\"target\":{\"@type\":\"EntryPoint\",\"urlTemplate\":\"https:\\\/\\\/entando.com\\\/it\\\/?s={search_term_string}\"},\"query-input\":{\"@type\":\"PropertyValueSpecification\",\"valueRequired\":true,\"valueName\":\"search_term_string\"}}],\"inLanguage\":\"it-IT\"},{\"@type\":\"Organization\",\"@id\":\"https:\\\/\\\/entando.com\\\/it\\\/#organization\",\"name\":\"Entando\",\"url\":\"https:\\\/\\\/entando.com\\\/it\\\/\",\"logo\":{\"@type\":\"ImageObject\",\"inLanguage\":\"it-IT\",\"@id\":\"https:\\\/\\\/entando.com\\\/it\\\/#\\\/schema\\\/logo\\\/image\\\/\",\"url\":\"https:\\\/\\\/staging-0f68-okdentando.wpcomstaging.com\\\/wp-content\\\/uploads\\\/2024\\\/06\\\/Entando_Logo-Blu.svg\",\"contentUrl\":\"https:\\\/\\\/staging-0f68-okdentando.wpcomstaging.com\\\/wp-content\\\/uploads\\\/2024\\\/06\\\/Entando_Logo-Blu.svg\",\"width\":178,\"height\":45,\"caption\":\"Entando\"},\"image\":{\"@id\":\"https:\\\/\\\/entando.com\\\/it\\\/#\\\/schema\\\/logo\\\/image\\\/\"}}]}<\/script>\n<!-- \/ Yoast SEO plugin. -->","yoast_head_json":{"title":"White Paper: Composable Government| Entando","description":"Leggi il nostro Composable Government white paper e scopri come le composable architecture rappresentano una soluzione essenziale per la PA.","robots":{"index":"index","follow":"follow","max-snippet":"max-snippet:-1","max-image-preview":"max-image-preview:large","max-video-preview":"max-video-preview:-1"},"canonical":"https:\/\/entando.com\/it\/risorse\/white-paper\/composable-government\/","og_locale":"it_IT","og_type":"article","og_title":"White Paper: Composable Government| Entando","og_description":"Leggi il nostro Composable Government white paper e scopri come le composable architecture rappresentano una soluzione essenziale per la PA.","og_url":"https:\/\/entando.com\/it\/risorse\/white-paper\/composable-government\/","og_site_name":"Entando","article_modified_time":"2026-03-24T10:59:53+00:00","og_image":[{"width":2150,"height":2676,"url":"https:\/\/entando.com\/wp-content\/uploads\/2025\/04\/Entando-Composable-Government-white-paper.webp","type":"image\/webp"}],"twitter_card":"summary_large_image","schema":{"@context":"https:\/\/schema.org","@graph":[{"@type":"WebPage","@id":"https:\/\/entando.com\/it\/risorse\/white-paper\/composable-government\/","url":"https:\/\/entando.com\/it\/risorse\/white-paper\/composable-government\/","name":"White Paper: Composable Government| Entando","isPartOf":{"@id":"https:\/\/entando.com\/it\/#website"},"primaryImageOfPage":{"@id":"https:\/\/entando.com\/it\/risorse\/white-paper\/composable-government\/#primaryimage"},"image":{"@id":"https:\/\/entando.com\/it\/risorse\/white-paper\/composable-government\/#primaryimage"},"thumbnailUrl":"https:\/\/i0.wp.com\/entando.com\/wp-content\/uploads\/2025\/04\/Entando-Composable-Government-white-paper.webp?fit=2150%2C2676&ssl=1","datePublished":"2024-07-19T17:31:50+00:00","dateModified":"2026-03-24T10:59:53+00:00","description":"Leggi il nostro Composable Government white paper e scopri come le composable architecture rappresentano una soluzione essenziale per la PA.","breadcrumb":{"@id":"https:\/\/entando.com\/it\/risorse\/white-paper\/composable-government\/#breadcrumb"},"inLanguage":"it-IT","potentialAction":[{"@type":"ReadAction","target":["https:\/\/entando.com\/it\/risorse\/white-paper\/composable-government\/"]}]},{"@type":"ImageObject","inLanguage":"it-IT","@id":"https:\/\/entando.com\/it\/risorse\/white-paper\/composable-government\/#primaryimage","url":"https:\/\/i0.wp.com\/entando.com\/wp-content\/uploads\/2025\/04\/Entando-Composable-Government-white-paper.webp?fit=2150%2C2676&ssl=1","contentUrl":"https:\/\/i0.wp.com\/entando.com\/wp-content\/uploads\/2025\/04\/Entando-Composable-Government-white-paper.webp?fit=2150%2C2676&ssl=1","width":2150,"height":2676,"caption":"Entando Composable Government-white paper"},{"@type":"BreadcrumbList","@id":"https:\/\/entando.com\/it\/risorse\/white-paper\/composable-government\/#breadcrumb","itemListElement":[{"@type":"ListItem","position":1,"name":"Entando","item":"https:\/\/entando.com\/it\/"},{"@type":"ListItem","position":2,"name":"Resources","item":"https:\/\/entando.com\/it\/risorse\/"},{"@type":"ListItem","position":3,"name":"White Paper","item":"https:\/\/entando.com\/it\/risorse\/white-paper\/"},{"@type":"ListItem","position":4,"name":"Composable Government"}]},{"@type":"WebSite","@id":"https:\/\/entando.com\/it\/#website","url":"https:\/\/entando.com\/it\/","name":"Entando","description":"The Composable Way","publisher":{"@id":"https:\/\/entando.com\/it\/#organization"},"potentialAction":[{"@type":"SearchAction","target":{"@type":"EntryPoint","urlTemplate":"https:\/\/entando.com\/it\/?s={search_term_string}"},"query-input":{"@type":"PropertyValueSpecification","valueRequired":true,"valueName":"search_term_string"}}],"inLanguage":"it-IT"},{"@type":"Organization","@id":"https:\/\/entando.com\/it\/#organization","name":"Entando","url":"https:\/\/entando.com\/it\/","logo":{"@type":"ImageObject","inLanguage":"it-IT","@id":"https:\/\/entando.com\/it\/#\/schema\/logo\/image\/","url":"https:\/\/staging-0f68-okdentando.wpcomstaging.com\/wp-content\/uploads\/2024\/06\/Entando_Logo-Blu.svg","contentUrl":"https:\/\/staging-0f68-okdentando.wpcomstaging.com\/wp-content\/uploads\/2024\/06\/Entando_Logo-Blu.svg","width":178,"height":45,"caption":"Entando"},"image":{"@id":"https:\/\/entando.com\/it\/#\/schema\/logo\/image\/"}}]}},"jetpack_shortlink":"https:\/\/wp.me\/PfHQCd-1Kb","jetpack_sharing_enabled":true,"_links":{"self":[{"href":"https:\/\/entando.com\/it\/wp-json\/wp\/v2\/pages\/6707","targetHints":{"allow":["GET"]}}],"collection":[{"href":"https:\/\/entando.com\/it\/wp-json\/wp\/v2\/pages"}],"about":[{"href":"https:\/\/entando.com\/it\/wp-json\/wp\/v2\/types\/page"}],"author":[{"embeddable":true,"href":"https:\/\/entando.com\/it\/wp-json\/wp\/v2\/users\/249555082"}],"replies":[{"embeddable":true,"href":"https:\/\/entando.com\/it\/wp-json\/wp\/v2\/comments?post=6707"}],"version-history":[{"count":26,"href":"https:\/\/entando.com\/it\/wp-json\/wp\/v2\/pages\/6707\/revisions"}],"predecessor-version":[{"id":11021,"href":"https:\/\/entando.com\/it\/wp-json\/wp\/v2\/pages\/6707\/revisions\/11021"}],"up":[{"embeddable":true,"href":"https:\/\/entando.com\/it\/wp-json\/wp\/v2\/pages\/6948"}],"wp:featuredmedia":[{"embeddable":true,"href":"https:\/\/entando.com\/it\/wp-json\/wp\/v2\/media\/10075"}],"wp:attachment":[{"href":"https:\/\/entando.com\/it\/wp-json\/wp\/v2\/media?parent=6707"}],"curies":[{"name":"wp","href":"https:\/\/api.w.org\/{rel}","templated":true}]}}